{"id":1458,"date":"2024-02-09T18:42:59","date_gmt":"2024-02-09T18:42:59","guid":{"rendered":"https:\/\/rtydc.mkt360grados.com\/?page_id=1458"},"modified":"2024-07-24T15:00:59","modified_gmt":"2024-07-24T21:00:59","slug":"aviso-de-privacidad","status":"publish","type":"page","link":"https:\/\/rivtrev.com\/en\/aviso-de-privacidad\/","title":{"rendered":"Privacy notice"},"content":{"rendered":"<div data-elementor-type=\"wp-page\" data-elementor-id=\"1458\" class=\"elementor elementor-1458\" data-elementor-post-type=\"page\">\n\t\t\t\t<div class=\"elementor-element elementor-element-20fe0021 e-flex e-con-boxed e-con e-parent\" data-id=\"20fe0021\" data-element_type=\"container\">\n\t\t\t\t\t<div class=\"e-con-inner\">\n\t\t\t\t<div class=\"elementor-element elementor-element-8e31cd3 elementor-widget elementor-widget-heading\" data-id=\"8e31cd3\" data-element_type=\"widget\" data-widget_type=\"heading.default\">\n\t\t\t\t<div class=\"elementor-widget-container\">\n\t\t\t\t\t<h2 class=\"elementor-heading-title elementor-size-default\">Privacy notice<\/h2>\t\t\t\t<\/div>\n\t\t\t\t<\/div>\n\t\t\t\t<div class=\"elementor-element elementor-element-ed83e4e elementor-widget__width-initial elementor-widget elementor-widget-text-editor\" data-id=\"ed83e4e\" data-element_type=\"widget\" data-widget_type=\"text-editor.default\">\n\t\t\t\t<div class=\"elementor-widget-container\">\n\t\t\t\t\t\t\t\t\t<p><\/p>\n<p><strong>1. Responsible party Domicile<\/strong><\/p>\n<p><\/p>\n<p><\/p>\n<p>Rivadeneyra, Trevi\u00f1o y De Campo, S.C., with domicile located at Calle 31 Poniente, N\u00famero 4128, Piso 8, Colonia Reforma Sur, Puebla, Puebla, M\u00e9xico, C.P. 72160, in accordance with the Federal Act for Protection of Personal Data Held by Private Parties and the Regulations thereto (hereinafter collectively referred to as the \u201cAct\u201d), shall be liable for the treatment, use, storage, and transfer of your personal information.  Said information may include: full name; age; address; gender; Federal Taxpayer Registry (RFC) Number; e-address; phone numbers; copy of official photo ID [passport, voter registration card; professional ID; migratory permit (if applicable)]; video recordings made in the offices of Rivadeneyra, Trevi\u00f1o y De Campo, S.C.; Sole Population Registry Number (CURP); notarized power of attorney issued by your principal; and the company name and your position (hereinafter referred to as the \u201cPersonal Data\u201d). Rivadeneyra, Trevi\u00f1o y De Campo, S.C., commits to safeguarding the Personal Data with the highest levels of legal, technological, and administrative security, as well as to not sell, lease, share, nor disclose the Personal Data to third parties for illicit purposes.<\/p>\n<p><\/p>\n<p><\/p>\n<p><strong>2. Purpose<\/strong><\/p>\n<p><\/p>\n<p><\/p>\n<p class=\"translation-block\">The purpose of this Privacy Notice is to: protect your Personal Data by way of the lawful, controlled, and informed use of same; establish the purposes for which your Personal Data will be used; and describe the mechanisms for exercising your rights under the Act, in order to guarantee your privacy and your right to informational self-determination.\n\nAs the party responsible for the treatment of your Personal Data, Rivadeneyra, Trevi\u00f1o y De Campo, S.C., is required to comply with the principles of lawfulness, consent, reporting, quality, purpose, loyalty, proportionality, and responsibility protected by the Act.  To that end, and based upon Articles 13 and 14 of the Act, Rivadeneyra, Trevi\u00f1o y De Campo, S.C., commits to make reasonable efforts to limit the period for treating the Personal Data and maintain the administrative, technical, and physical security measures for protecting same against any damage, loss, theft, alteration, access, or unauthorized treatment.  For Rivadeneyra, Trevi\u00f1o y De Campo, S.C., the treatment of your Personal Data in a lawful manner in accordance with the Act is a priority.  This Privacy Notice complements any other simplified or abbreviated privacy notices that Rivadeneyra, Trevi\u00f1o y De Campo, S.C., may have placed at your disposition in your capacity as owner of your Personal Data, and shall be deemed suppletory with respect to all aspects not expressly stated in such other notices.<\/p>\n<p><\/p>\n<p><\/p>\n<p><strong>3. Objectives<\/strong><\/p>\n<p><\/p>\n<p><\/p>\n<p>Without the intent to disclose nor use your Personal Data for commercial purposes, Rivadeneyra, Trevi\u00f1o y De Campo, S.C., shall collect and treat same only for the following primary objectives:<br>Establish contact with those persons who have so requested.<br>Respond to a request for information regarding the provision of legal services.<\/p>\n<p><\/p>\n<p><\/p>\n<p>Proceed with and follow up on the legal services contracted with Rivadeneyra, Trevi\u00f1o y De Campo, S.C.<br><span style=\"font-size: 14px; color: var( --e-global-color-text ); text-align: var(--text-align);\">Keep current the legal relationship existing between you and Rivadeneyra, Trevi\u00f1o y De Campo, S.C.<br><\/span><span style=\"font-size: 14px; color: var( --e-global-color-text ); text-align: var(--text-align);\">Carry out activities related to the invoicing of the legal services provided and to clarify said invoices and follow-up on the collection of same.<br><\/span><span style=\"font-size: 14px; color: var( --e-global-color-text ); text-align: var(--text-align);\">Send notifications referring to changes made to this Privacy Notice.<br><\/span><span style=\"font-size: 14px; color: var( --e-global-color-text ); text-align: var(--text-align);\">Send communications regarding legal services in process or already provided.<br><\/span><span style=\"font-size: 14px; color: var( --e-global-color-text ); text-align: var(--text-align);\">Contracting of the services offered by Rivadeneyra, Trevi\u00f1o y De Campo, S.C.<br><\/span><span style=\"font-size: 14px; color: var( --e-global-color-text ); text-align: var(--text-align);\">Formalization of the relationship between you and Rivadeneyra, Trevi\u00f1o y De Campo, S.C., by way of agreements or other documents.<br><\/span><span style=\"font-size: 14px; color: var( --e-global-color-text ); text-align: var(--text-align);\">Comply with legal requirements from the applicable authorities.<br><\/span><span style=\"font-size: 14px; color: var( --e-global-color-text ); text-align: var(--text-align);\">Comply with the obligations contracted with the owner of the Personal Data.<br><\/span><span style=\"font-size: 14px; color: var( --e-global-color-text ); text-align: var(--text-align);\">Control the access, registration, and surveillance of visitors to the offices of Rivadeneyra, Trevi\u00f1o y De Campo, S.C.<\/span><\/p>\n<p><span style=\"font-size: 14px; color: var( --e-global-color-text ); text-align: var(--text-align);\">Likewise, Rivadeneyra, Trevi\u00f1o y De Campo, S.C., may treat your Personal Data for the following secondary objectives:<br><\/span><span style=\"color: var( --e-global-color-text ); font-size: 14px; text-align: var(--text-align);\">Sending of information, newsletters, legal notices, or information of interest to you, such as news, communications, or publicity related to Rivadeneyra, Trevi\u00f1o y De Campo, S.C.<br><\/span><span style=\"font-size: 14px; color: var( --e-global-color-text ); text-align: var(--text-align);\">Sending of invitations to conferences, seminars, or events in which Rivadeneyra, Trevi\u00f1o y De Campo, S.C., will participate.<br><\/span><span style=\"font-size: 14px; color: var( --e-global-color-text ); text-align: var(--text-align);\">Sending of information related to new services offered by Rivadeneyra, Trevi\u00f1o y De Campo, S.C.<br><\/span><span style=\"font-size: 14px; color: var( --e-global-color-text ); text-align: var(--text-align);\">Surveys regarding the level of satisfaction with the services provided by Rivadeneyra, Trevi\u00f1o y De Campo, S.C.<br><\/span><span style=\"font-size: 14px; color: var( --e-global-color-text ); text-align: var(--text-align);\">In the event you do not want your Personal Data used for the secondary objectives mentioned above, you may notify us of your preference using the mechanism described in Item 7 of this Privacy Notice.<\/span><\/p><p>It should be noted that Rivadeneyra, Trevi\u00f1o y De Campo, S.C., shall not be liable for the veracity or accuracy of the Personal Data you provide to us, as same have not been previously validated nor verified.<\/p>\n<p><\/p>\n<p><\/p>\n<p><strong>4. Obtaining of the Personal Data and Term of Treatment of Same<\/strong><\/p>\n<p><\/p>\n<p><\/p>\n<p>Your Personal Data shall be subject to treatment for so long as there exists a commercial, contractual, or legal relationship between you and Rivadeneyra, Trevi\u00f1o y De Campo, S.C., which may be extended whenever so required by the applicable Mexican legislation.  You may object to the handling of same at any time you deem fit by applying the mechanism described in Item 7 of this Privacy Notice, or if applicable, at such time as said Personal Data are no longer needed for purposes of fulfilling the objectives set forth in Item 3 hereof and in the applicable legal provisions.  In such event your Personal Data shall be eliminated in accordance with Article 11 (second paragraph) of the Act.<\/p>\n<p><\/p>\n<p><\/p>\n<p>Rivadeneyra, Trevi\u00f1o y De Campo, S.C., may obtain your Personal Data through the digital setting, including from; electronic communications with Rivadeneyra, Trevi\u00f1o y De Campo, S.C., during the commercial or contractual relationship; correspondence; business cards; telephonic communications; and printed or electronic forms that have been filled out.<br>Rivadeneyra, Trevi\u00f1o y De Campo, S.C., uses various technological means to improve the efficiency of its website www.rtydc.com (the \u201cWebsite\u201d), including your browsing thereof.  Said technologies include the use of cookies.  \u2018Cookies\u2019 are small parcels of information stored in each user\u2019s browser that allow the server to remember certain information for subsequent use.  This information allows your personal preferences to be identified and saved to facilitate your browsing of the Website.  You may inactivate or adjust the use of cookies by following the procedures indicated by the Internet browser you use.<\/p>\n<p><\/p>\n<p><\/p>\n<p><strong>5. Transfer of Your Personal Data<\/strong><\/p>\n<p><\/p>\n<p><\/p>\n<p>Based upon the preceding, you expressly accept and authorize Rivadeneyra, Trevi\u00f1o y De Campo, S.C., to transfer your Personal Data, whether within or outside the territory of the United Mexican States, for purposes of fulfilling the objectives set forth in Item 3 hereof.  Rivadeneyra, Trevi\u00f1o y De Campo, S.C., may also transfer Personal Data in the following cases:<br>Third party service providers, for compliance with the owner\u2019s legal obligations.<\/p>\n<p><\/p>\n<p><\/p>\n<p>Third party providers of research, data analysis, and information-delivery services focused on the needs of the owner of the Personal Data, as well as for purposes of performing other services needed or required by the owner of the Personal Data.<br>Third parties derived from any corporate restructuring process, including mergers, consolidations, sales, liquidations, or asset transfers.<br>Third party providers of legal services in Mexico or abroad that work together with Rivadeneyra, Trevi\u00f1o y De Campo, S.C., as well as notaries and public brokers.<\/p>\n<p><\/p>\n<p><\/p>\n<p class=\"translation-block\">Affiliates or subsidiaries of Rivadeneyra, Trevi\u00f1o y De Campo, S.C.<br>\n\n \n\nThe third parties and entities that receive the Personal Data shall assume the same obligations and\/or responsibilities as Rivadeneyra, Trevi\u00f1o y De Campo, S.C., in accordance with the provisions of this Privacy Notice.<br>\n\n \n\nThe Act requires that we obtain your consent before any transfer to third parties other than those indicated in the list above.  If you do not deny consent for such transfers, it shall be understood that you have given such consent to Rivadeneyra, Trevi\u00f1o y De Campo, S.C.  To deny such consent, please follow the procedure described in Item 7 of this Privacy Notice.<\/p>\n<p><\/p>\n<p><\/p>\n<p><strong>6. Amendments<\/strong><\/p>\n<p><\/p>\n<p><\/p>\n<p>This Privacy Notice may be amended, changed, or updated at any time based upon: new statutory requirements; the needs of the privacy policies and practices of Rivadeneyra, Trevi\u00f1o y De Campo, S.C.; business model variations; other reasons.  In the event Rivadeneyra, Trevi\u00f1o y De Campo, S.C., needs  to make any change to this Privacy Notice, you shall be notified by way of any of the following means:<\/p>\n<p><\/p>\n<p><\/p>\n<p>Notices posted at the domicile of Rivadeneyra, Trevi\u00f1o y De Campo, S.C.<br>Publication in the Privacy Notice page of the Rivadeneyra, Trevi\u00f1o y De Campo, S.C., Website.<br>E-mail sent to the e-address provided by the owner of the Personal Data.<br>Publications issued by Rivadeneyra, Trevi\u00f1o y De Campo, S.C., whether by way of printed, electronic, or digital means.<br>Any other public or private means of communication as may be determined by Rivadeneyra, Trevi\u00f1o y De Campo, S.C., according to law.<\/p>\n<p><\/p>\n<p><\/p>\n<p><strong>7. Procedure for Exercising Your ARCO Rights<\/strong><\/p>\n<p><\/p>\n<p><\/p>\n<p>In the terms set forth in the Act, you may exercise your rights of access, rectification, cancellation, and opposition (ARCO) to the treatment of your Personal Data, by way of request sent by e-mail to:  or submitted in writing to our domicile located at: Calle 31 Poniente, N\u00famero 4128, Piso 8, Colonia Reforma Sur, Puebla, Puebla, M\u00e9xico, C.P. 72160.<br>In compliance with Article 29 of the Act, said request must contain the following data:<\/p>\n<p><\/p>\n<p><\/p>\n<p>Your name, address, or other means for receiving the response to your request.<br>Documents that accredit your identity or, if applicable, the legal representation of the person who makes the request on your behalf;<br>A clear and accurate description of the Personal Data regarding which you wish to exercise any of the rights mentioned in the preceding paragraph.\nAny other element or document to facilitate the location and identification of your Personal Data.<br>In the event you request rectification of your Personal Data, you must also indicate the modification(s) to be made and provide the necessary official documentation to support your request.<br>The response to your request will be communicated within a period of twenty business days following the effective date of reception of your request.  Said period may be extended by an additional twenty business days in the cases foreseen in the Act so that, if applicable, the measures adopted to comply with your request may be carried out, for which purpose a period of fifteen business days is allowed following the date on which the corresponding response is communicated.<br>Rivadeneyra, Trevi\u00f1o y De Campo, S.C., may deny the access, rectification, cancellation, or opposition to the treatment of the Personal Data in the following cases:<br>When the requesting party is not the owner of the Personal Data, or the legal representative is not duly authorized by the owner of the Personal Data.<br>When the Personal Data of the requesting party can not be found in the database of Rivadeneyra, Trevi\u00f1o y De Campo, S.C.<br>When such access, rectification, cancellation, or opposition may infringe third party rights.<br>When there exists a legal impediment or a ruling from an applicable authority that restricts access to the Personal Data or prohibits the rectification, cancellation, or opposition of same.<br>When the respective ARCO Rights have already been exercised by the owner of the Personal Data or his\/her representative.<\/p>\n<p><\/p>\n<p><\/p>\n<p><strong>8. Revocation of Consent<\/strong><\/p>\n<p><\/p>\n<p><\/p>\n<p>You may revoke your consent to the treatment of your Personal Data.  It is important, however, to take into account that in some cases Rivadeneyra, Trevi\u00f1o y De Campo, S.C., may not be able to comply with your request or cease such use immediately.  It is possible that, due to certain legal obligations, Rivadeneyra, Trevi\u00f1o y De Campo, S.C., may be required to continue treating your Personal Data.  You should also consider that, for certain purposes, revocation of your consent may imply termination of your commercial or legal relationship with Rivadeneyra, Trevi\u00f1o y De Campo, S.C.  In order to revoke your consent, your request to do so must be submitted in the terms set forth in Item 7 of this Privacy Notice.<\/p>\n<p><\/p>\n<p><\/p>\n<p>You are hereby informed that if you wish to submit a complaint or a request for additional information regarding the treatment of your Personal Data or regarding the Act, you may contact the National Institute for Transparency, Access to Information, and Protection of Personal Data (INAI). <em>Updated: June 2021<\/em><\/p>\n<p><\/p>\n<p><\/p>\n<p><\/p>\n<p><\/p>\n<p><\/p>\t\t\t\t\t\t\t\t<\/div>\n\t\t\t\t<\/div>\n\t\t\t\t\t<\/div>\n\t\t\t\t<\/div>\n\t\t\t\t<\/div>","protected":false},"excerpt":{"rendered":"<p>Aviso de Privacidad 1. Responsable y Domicilio Rivadeneyra, Trevi\u00f1o y De Campo, S.C., con domicilio en Calle 31 Poniente, N\u00famero 4128, Piso 8, Colonia Reforma Sur, Puebla, Puebla, M\u00e9xico, C.P. 72160, de conformidad con lo dispuesto en el art\u00edculo 15 de la Ley Federal de Protecci\u00f3n de Datos Personales en Posesi\u00f3n de los Particulares y [&hellip;]<\/p>","protected":false},"author":4,"featured_media":0,"parent":0,"menu_order":0,"comment_status":"closed","ping_status":"closed","template":"","meta":{"_acf_changed":false,"inline_featured_image":false,"ocean_post_layout":"","ocean_both_sidebars_style":"","ocean_both_sidebars_content_width":0,"ocean_both_sidebars_sidebars_width":0,"ocean_sidebar":"","ocean_second_sidebar":"","ocean_disable_margins":"enable","ocean_add_body_class":"","ocean_shortcode_before_top_bar":"","ocean_shortcode_after_top_bar":"","ocean_shortcode_before_header":"","ocean_shortcode_after_header":"","ocean_has_shortcode":"","ocean_shortcode_after_title":"","ocean_shortcode_before_footer_widgets":"","ocean_shortcode_after_footer_widgets":"","ocean_shortcode_before_footer_bottom":"","ocean_shortcode_after_footer_bottom":"","ocean_display_top_bar":"default","ocean_display_header":"default","ocean_header_style":"","ocean_center_header_left_menu":"","ocean_custom_header_template":"","ocean_custom_logo":0,"ocean_custom_retina_logo":0,"ocean_custom_logo_max_width":0,"ocean_custom_logo_tablet_max_width":0,"ocean_custom_logo_mobile_max_width":0,"ocean_custom_logo_max_height":0,"ocean_custom_logo_tablet_max_height":0,"ocean_custom_logo_mobile_max_height":0,"ocean_header_custom_menu":"","ocean_menu_typo_font_family":"","ocean_menu_typo_font_subset":"","ocean_menu_typo_font_size":0,"ocean_menu_typo_font_size_tablet":0,"ocean_menu_typo_font_size_mobile":0,"ocean_menu_typo_font_size_unit":"px","ocean_menu_typo_font_weight":"","ocean_menu_typo_font_weight_tablet":"","ocean_menu_typo_font_weight_mobile":"","ocean_menu_typo_transform":"","ocean_menu_typo_transform_tablet":"","ocean_menu_typo_transform_mobile":"","ocean_menu_typo_line_height":0,"ocean_menu_typo_line_height_tablet":0,"ocean_menu_typo_line_height_mobile":0,"ocean_menu_typo_line_height_unit":"","ocean_menu_typo_spacing":0,"ocean_menu_typo_spacing_tablet":0,"ocean_menu_typo_spacing_mobile":0,"ocean_menu_typo_spacing_unit":"","ocean_menu_link_color":"","ocean_menu_link_color_hover":"","ocean_menu_link_color_active":"","ocean_menu_link_background":"","ocean_menu_link_hover_background":"","ocean_menu_link_active_background":"","ocean_menu_social_links_bg":"","ocean_menu_social_hover_links_bg":"","ocean_menu_social_links_color":"","ocean_menu_social_hover_links_color":"","ocean_disable_title":"default","ocean_disable_heading":"default","ocean_post_title":"","ocean_post_subheading":"","ocean_post_title_style":"","ocean_post_title_background_color":"","ocean_post_title_background":0,"ocean_post_title_bg_image_position":"","ocean_post_title_bg_image_attachment":"","ocean_post_title_bg_image_repeat":"","ocean_post_title_bg_image_size":"","ocean_post_title_height":0,"ocean_post_title_bg_overlay":0.5,"ocean_post_title_bg_overlay_color":"","ocean_disable_breadcrumbs":"default","ocean_breadcrumbs_color":"","ocean_breadcrumbs_separator_color":"","ocean_breadcrumbs_links_color":"","ocean_breadcrumbs_links_hover_color":"","ocean_display_footer_widgets":"default","ocean_display_footer_bottom":"default","ocean_custom_footer_template":"","footnotes":""},"class_list":["post-1458","page","type-page","status-publish","hentry","entry"],"acf":[],"_links":{"self":[{"href":"https:\/\/rivtrev.com\/en\/wp-json\/wp\/v2\/pages\/1458","targetHints":{"allow":["GET"]}}],"collection":[{"href":"https:\/\/rivtrev.com\/en\/wp-json\/wp\/v2\/pages"}],"about":[{"href":"https:\/\/rivtrev.com\/en\/wp-json\/wp\/v2\/types\/page"}],"author":[{"embeddable":true,"href":"https:\/\/rivtrev.com\/en\/wp-json\/wp\/v2\/users\/4"}],"replies":[{"embeddable":true,"href":"https:\/\/rivtrev.com\/en\/wp-json\/wp\/v2\/comments?post=1458"}],"version-history":[{"count":12,"href":"https:\/\/rivtrev.com\/en\/wp-json\/wp\/v2\/pages\/1458\/revisions"}],"predecessor-version":[{"id":5316,"href":"https:\/\/rivtrev.com\/en\/wp-json\/wp\/v2\/pages\/1458\/revisions\/5316"}],"wp:attachment":[{"href":"https:\/\/rivtrev.com\/en\/wp-json\/wp\/v2\/media?parent=1458"}],"curies":[{"name":"wp","href":"https:\/\/api.w.org\/{rel}","templated":true}]}}